{"id":822,"date":"2025-12-11T06:19:16","date_gmt":"2025-12-11T09:19:16","guid":{"rendered":"https:\/\/escuelamanuelbelgrano.com.ar\/site\/?page_id=822"},"modified":"2026-03-09T14:41:40","modified_gmt":"2026-03-09T17:41:40","slug":"plantel","status":"publish","type":"page","link":"https:\/\/escuelamanuelbelgrano.com.ar\/site\/plantel\/","title":{"rendered":"Plantel Docente"},"content":{"rendered":"\t\t<div data-elementor-type=\"wp-page\" data-elementor-id=\"822\" class=\"elementor elementor-822\" data-elementor-post-type=\"page\">\n\t\t\t\t<div class=\"elementor-element elementor-element-af646fb e-flex e-con-boxed e-con e-parent\" data-id=\"af646fb\" data-element_type=\"container\">\n\t\t\t\t\t<div class=\"e-con-inner\">\n\t\t\t\t<div class=\"elementor-element elementor-element-fa65c7f e-n-tabs-mobile elementor-widget elementor-widget-n-tabs\" data-id=\"fa65c7f\" data-element_type=\"widget\" data-settings=\"{&quot;tabs_justify_horizontal&quot;:&quot;start&quot;,&quot;horizontal_scroll&quot;:&quot;disable&quot;}\" data-widget_type=\"nested-tabs.default\">\n\t\t\t\t<div class=\"elementor-widget-container\">\n\t\t\t\t\t\t\t<div class=\"e-n-tabs\" data-widget-number=\"262560895\" aria-label=\"Pesta\u00f1as. Abre elementos con Intro o Espacio, ci\u00e9rralos con Escape y navega con las fechas.\">\n\t\t\t<div class=\"e-n-tabs-heading\" role=\"tablist\">\n\t\t\t\t\t<button id=\"e-n-tab-title-2625608951\" class=\"e-n-tab-title\" aria-selected=\"true\" data-tab-index=\"1\" role=\"tab\" tabindex=\"0\" aria-controls=\"e-n-tab-content-2625608951\" style=\"--n-tabs-title-order: 1;\">\n\t\t\t\t\t\t<span class=\"e-n-tab-title-text\">\n\t\t\t\tNivel Primario\t\t\t<\/span>\n\t\t<\/button>\n\t\t\t\t<button id=\"e-n-tab-title-2625608952\" class=\"e-n-tab-title\" aria-selected=\"false\" data-tab-index=\"2\" role=\"tab\" tabindex=\"-1\" aria-controls=\"e-n-tab-content-2625608952\" style=\"--n-tabs-title-order: 2;\">\n\t\t\t\t\t\t<span class=\"e-n-tab-title-text\">\n\t\t\t\tNivel Secundario\t\t\t<\/span>\n\t\t<\/button>\n\t\t\t\t\t<\/div>\n\t\t\t<div class=\"e-n-tabs-content\">\n\t\t\t\t<div id=\"e-n-tab-content-2625608951\" role=\"tabpanel\" aria-labelledby=\"e-n-tab-title-2625608951\" data-tab-index=\"1\" style=\"--n-tabs-title-order: 1;\" class=\"e-active elementor-element elementor-element-16ee228 e-con-full e-flex e-con e-child\" data-id=\"16ee228\" data-element_type=\"container\">\n\t\t<div class=\"elementor-element elementor-element-e0cfcb4 e-flex e-con-boxed e-con e-child\" data-id=\"e0cfcb4\" data-element_type=\"container\">\n\t\t\t\t\t<div class=\"e-con-inner\">\n\t\t\t\t<div class=\"elementor-element elementor-element-ec3ecc0 elementor-widget elementor-widget-heading\" data-id=\"ec3ecc0\" data-element_type=\"widget\" data-widget_type=\"heading.default\">\n\t\t\t\t<div class=\"elementor-widget-container\">\n\t\t\t\t\t<h1 class=\"elementor-heading-title elementor-size-default\">Equipo Directivo<\/h1>\t\t\t\t<\/div>\n\t\t\t\t<\/div>\n\t\t\t\t<div class=\"elementor-element elementor-element-78e2f00 elementor-widget elementor-widget-text-editor\" data-id=\"78e2f00\" data-element_type=\"widget\" data-widget_type=\"text-editor.default\">\n\t\t\t\t<div class=\"elementor-widget-container\">\n\t\t\t\t\t\t\t\t\t<ul><li><p data-path-to-node=\"11,0,0\"><b>Directora:<\/b> Tatiana Illing<\/p><\/li><li><p data-path-to-node=\"11,1,0\"><b>Vicedirectora:<\/b> Gabriela Gonzalez<\/p><\/li><li><p data-path-to-node=\"11,2,0\"><b>Secretaria:<\/b> Marcela Di Buccio<\/p><\/li><\/ul>\t\t\t\t\t\t\t\t<\/div>\n\t\t\t\t<\/div>\n\t\t<div class=\"elementor-element elementor-element-e8ab528 e-con-full e-flex e-con e-child\" data-id=\"e8ab528\" data-element_type=\"container\">\n\t\t\t\t<div class=\"elementor-element elementor-element-7490731 elementor-widget elementor-widget-heading\" data-id=\"7490731\" data-element_type=\"widget\" data-widget_type=\"heading.default\">\n\t\t\t\t<div class=\"elementor-widget-container\">\n\t\t\t\t\t<h2 class=\"elementor-heading-title elementor-size-default\">Docentes de Grado<\/h2>\t\t\t\t<\/div>\n\t\t\t\t<\/div>\n\t\t\t\t<div class=\"elementor-element elementor-element-172310f elementor-widget elementor-widget-text-editor\" data-id=\"172310f\" data-element_type=\"widget\" data-widget_type=\"text-editor.default\">\n\t\t\t\t<div class=\"elementor-widget-container\">\n\t\t\t\t\t\t\t\t\t<p data-path-to-node=\"15\"><b>1\u00ba e 2\u00ba Grado<\/b><\/p><ul data-path-to-node=\"16\"><li><p data-path-to-node=\"16,0,0\"><b>1\u00ba:<\/b>\u00a0 Heinze Yamila\u00a0<\/p><\/li><li><p data-path-to-node=\"16,1,0\"><b>2\u00ba:<\/b> Cuello Paula | Monticelli Gloria<\/p><\/li><\/ul><p data-path-to-node=\"17\"><b>3\u00ba e 4\u00ba Grado<\/b><\/p><ul data-path-to-node=\"18\"><li><p data-path-to-node=\"18,0,0\"><b>3\u00ba:<\/b>\u00a0Schollet Gomez Dayana | Pedernera Flavia<\/p><\/li><li><p data-path-to-node=\"18,1,0\"><b>4\u00ba:<\/b> Fainberg Ailen |Heinze Yamila\u00a0<\/p><\/li><\/ul><p data-path-to-node=\"19\"><b>5\u00ba e 6\u00ba Grado<\/b><\/p><ul data-path-to-node=\"20\"><li><p data-path-to-node=\"20,0,0\"><b>5\u00ba:<\/b> Molina Noelia | Molina Noelia\u00a0<\/p><\/li><li><p data-path-to-node=\"20,1,0\"><b>6\u00ba:<\/b>\u00a0 Giuffrida Laura | Gonzalez Florencia\u00a0<\/p><\/li><\/ul>\t\t\t\t\t\t\t\t<\/div>\n\t\t\t\t<\/div>\n\t\t\t\t<div class=\"elementor-element elementor-element-d7058ee elementor-widget elementor-widget-heading\" data-id=\"d7058ee\" data-element_type=\"widget\" data-widget_type=\"heading.default\">\n\t\t\t\t<div class=\"elementor-widget-container\">\n\t\t\t\t\t<h2 class=\"elementor-heading-title elementor-size-default\">Materias Especiales & Equipo<\/h2>\t\t\t\t<\/div>\n\t\t\t\t<\/div>\n\t\t\t\t<div class=\"elementor-element elementor-element-23c7960 elementor-widget elementor-widget-text-editor\" data-id=\"23c7960\" data-element_type=\"widget\" data-widget_type=\"text-editor.default\">\n\t\t\t\t<div class=\"elementor-widget-container\">\n\t\t\t\t\t\t\t\t\t<ul><li><p data-path-to-node=\"24,0,0\"><b>Educaci\u00f3n Pl\u00e1stica:<\/b>\u00a0Alba Laura\u00a0<\/p><\/li><li><p data-path-to-node=\"24,1,0\"><b>M\u00fasica:<\/b>\u00a0Sul\u00e9 Laura<\/p><\/li><li><p data-path-to-node=\"24,2,0\"><b>Educaci\u00f3n F\u00edsica:<\/b>\u00a0 Biondi Virginia ,\u00a0 Gil Diego , Oleas Santiago<\/p><\/li><li><p data-path-to-node=\"24,3,0\"><b>Ingl\u00e9s:<\/b>\u00a0 Henriquez Mabel , Carabajal Agustina<\/p><\/li><li><p data-path-to-node=\"24,4,0\"><b>Equipo de Orientaci\u00f3n Escolar:<\/b>\u00a0 Ortiz Genser Erica, Cristaldo\u00a0 Lourdes\u00a0<\/p><\/li><\/ul>\t\t\t\t\t\t\t\t<\/div>\n\t\t\t\t<\/div>\n\t\t\t\t<div class=\"elementor-element elementor-element-150f9de elementor-widget elementor-widget-heading\" data-id=\"150f9de\" data-element_type=\"widget\" data-widget_type=\"heading.default\">\n\t\t\t\t<div class=\"elementor-widget-container\">\n\t\t\t\t\t<h2 class=\"elementor-heading-title elementor-size-default\">Talleres Extraprogram\u00e1ticos<\/h2>\t\t\t\t<\/div>\n\t\t\t\t<\/div>\n\t\t\t\t<div class=\"elementor-element elementor-element-10f2584 elementor-widget elementor-widget-text-editor\" data-id=\"10f2584\" data-element_type=\"widget\" data-widget_type=\"text-editor.default\">\n\t\t\t\t<div class=\"elementor-widget-container\">\n\t\t\t\t\t\t\t\t\t<ul>\n<li>\n<p data-path-to-node=\"24,0,0\">&nbsp;Castro Carla<\/p>\n<\/li>\n<li>\n<p data-path-to-node=\"24,0,0\">&nbsp;<span style=\"background-color: transparent; color: var( --e-global-color-accent ); font-family: var( --e-global-typography-text-font-family ), Sans-serif; font-weight: var( --e-global-typography-text-font-weight ); text-align: var(--text-align);\">Dominguez<\/span><span style=\"background-color: transparent; color: var( --e-global-color-accent ); font-family: var( --e-global-typography-text-font-family ), Sans-serif; font-weight: var( --e-global-typography-text-font-weight ); text-align: var(--text-align);\">&nbsp;Daniela&nbsp;<\/span><\/p>\n<\/li>\n<li>\n<p data-path-to-node=\"24,0,0\">&nbsp;Oleas&nbsp;<span style=\"background-color: transparent; color: var( --e-global-color-accent ); font-family: var( --e-global-typography-text-font-family ), Sans-serif; font-weight: var( --e-global-typography-text-font-weight ); text-align: var(--text-align);\">Santiago&nbsp;<\/span><\/p>\n<\/li>\n<li>\n<p data-path-to-node=\"24,0,0\">&nbsp;Romoli&nbsp;<span style=\"background-color: transparent; color: var( --e-global-color-accent ); font-family: var( --e-global-typography-text-font-family ), Sans-serif; font-weight: var( --e-global-typography-text-font-weight ); text-align: var(--text-align);\">Christian<\/span><\/p>\n<\/li>\n<li>\n<p data-path-to-node=\"24,0,0\">&nbsp;Aceto Mariela&nbsp;<\/p>\n<\/li>\n<\/ul>\t\t\t\t\t\t\t\t<\/div>\n\t\t\t\t<\/div>\n\t\t\t\t<\/div>\n\t\t\t\t\t<\/div>\n\t\t\t\t<\/div>\n\t\t\t\t<\/div>\n\t\t<div id=\"e-n-tab-content-2625608952\" role=\"tabpanel\" aria-labelledby=\"e-n-tab-title-2625608952\" data-tab-index=\"2\" style=\"--n-tabs-title-order: 2;\" class=\" elementor-element elementor-element-10a71df e-con-full e-flex e-con e-child\" data-id=\"10a71df\" data-element_type=\"container\">\n\t\t\t\t<div class=\"elementor-element elementor-element-ea9504e elementor-widget elementor-widget-heading\" data-id=\"ea9504e\" data-element_type=\"widget\" data-widget_type=\"heading.default\">\n\t\t\t\t<div class=\"elementor-widget-container\">\n\t\t\t\t\t<h1 class=\"elementor-heading-title elementor-size-default\">Equipo Directivo<\/h1>\t\t\t\t<\/div>\n\t\t\t\t<\/div>\n\t\t\t\t<div class=\"elementor-element elementor-element-fcc3567 elementor-widget elementor-widget-text-editor\" data-id=\"fcc3567\" data-element_type=\"widget\" data-widget_type=\"text-editor.default\">\n\t\t\t\t<div class=\"elementor-widget-container\">\n\t\t\t\t\t\t\t\t\t<ul><li><p data-path-to-node=\"32,0,0\"><b>Direcci\u00f3n:<\/b> Oviedo Graciela<\/p><\/li><li><p data-path-to-node=\"32,1,0\"><b>Secretaria:<\/b> Milito Andrea<\/p><\/li><\/ul>\t\t\t\t\t\t\t\t<\/div>\n\t\t\t\t<\/div>\n\t\t\t\t<div class=\"elementor-element elementor-element-b79a143 elementor-widget elementor-widget-heading\" data-id=\"b79a143\" data-element_type=\"widget\" data-widget_type=\"heading.default\">\n\t\t\t\t<div class=\"elementor-widget-container\">\n\t\t\t\t\t<h2 class=\"elementor-heading-title elementor-size-default\">Cuerpo Docente<\/h2>\t\t\t\t<\/div>\n\t\t\t\t<\/div>\n\t\t\t\t<div class=\"elementor-element elementor-element-9c524da elementor-widget elementor-widget-heading\" data-id=\"9c524da\" data-element_type=\"widget\" data-widget_type=\"heading.default\">\n\t\t\t\t<div class=\"elementor-widget-container\">\n\t\t\t\t\t<h2 class=\"elementor-heading-title elementor-size-default\">Preceptores & Talleres<\/h2>\t\t\t\t<\/div>\n\t\t\t\t<\/div>\n\t\t\t\t<div class=\"elementor-element elementor-element-caefa17 elementor-widget__width-initial elementor-widget elementor-widget-text-editor\" data-id=\"caefa17\" data-element_type=\"widget\" data-widget_type=\"text-editor.default\">\n\t\t\t\t<div class=\"elementor-widget-container\">\n\t\t\t\t\t\t\t\t\t<ul>\n<li>\n<p data-path-to-node=\"35,0,0\"><b>ACOSTA, Anahi<\/b> \u2013 Geograf\u00eda (5to)<\/p>\n<\/li>\n<li>\n<p data-path-to-node=\"35,1,0\"><b>ALENDE, Martin<\/b> \u2013 Ed. F\u00edsica (1ro y 2do)<\/p>\n<\/li>\n<li>\n<p data-path-to-node=\"35,2,0\"><b>BERTUGGIA, Andrea<\/b> \u2013 Ed. Art\u00edstica (3ro) y Arte (6to)<\/p>\n<\/li>\n<li>\n<p data-path-to-node=\"35,3,0\"><b>BIONDI, Virginia<\/b> \u2013 Ed. F\u00edsica (3ero y 4to)<\/p>\n<\/li>\n<li>\n<p data-path-to-node=\"35,4,0\"><b>BONINI, Micaela<\/b> \u2013 Biolog\u00eda y SADO (4to)<\/p>\n<\/li>\n<li>\n<p data-path-to-node=\"35,5,0\"><b>CALABRO, Marcela<\/b> \u2013 Cs. Naturales (1ro), Biolog\u00eda (2do, 3ro), F\u00edsico qu\u00edmica (2do, 3ro)<\/p>\n<\/li>\n<li>\n<p data-path-to-node=\"35,6,0\"><b>CARRIZO, Nancy<\/b> \u2013 Ed. Art\u00edstica (1ro y 2do)<\/p>\n<\/li>\n<li>\n<p data-path-to-node=\"35,7,0\"><b>CASTILLO, Guadalupe<\/b> \u2013 Geograf\u00eda (2do, 3ro, 4to y 6to)<\/p>\n<\/li>\n<li>\n<p data-path-to-node=\"35,7,0\"><b>DUARTE, Manzur<\/b>&nbsp;&#8211; Nticx (4to)<\/p>\n<\/li>\n<li>\n<p data-path-to-node=\"35,9,0\"><b>FARA, Emiliano<\/b> \u2013 Historia (3ro, 4to y 5to)<\/p>\n<\/li>\n<li>\n<p data-path-to-node=\"35,10,0\"><b>FERRARA, Vito<\/b> \u2013 Const. Ciudadana&nbsp; (2do), Trabajo y ciudadan\u00eda (6to)<\/p>\n<\/li>\n<li>\n<p data-path-to-node=\"35,11,0\"><b>FORESTALE, Facundo<\/b> \u2013 Historia (6to)<\/p>\n<\/li>\n<li>\n<p data-path-to-node=\"35,11,0\"><b>GARCIA REBICH, Zoe<\/b> &#8211; Matem\u00e1tica (5to)<\/p>\n<\/li>\n<li>\n<p data-path-to-node=\"35,12,0\"><b style=\"background-color: transparent; color: var( --e-global-color-accent ); font-family: var( --e-global-typography-text-font-family ), Sans-serif; text-align: var(--text-align);\">GIL, Diego<\/b><span style=\"background-color: transparent; color: var( --e-global-color-accent ); font-family: var( --e-global-typography-text-font-family ), Sans-serif; font-weight: var( --e-global-typography-text-font-weight ); text-align: var(--text-align);\"> \u2013 Ed. F\u00edsica (3ro y 5to)<\/span><\/p>\n<\/li>\n<li>\n<p data-path-to-node=\"35,14,0\"><b>GUEVARA, Roxana<\/b> \u2013 Const. Ciudadan\u00eda (1ro), Pol\u00edtica y ciudadan\u00eda (5to)<\/p>\n<\/li>\n<li>\n<p data-path-to-node=\"35,15,0\"><b>GUZMAN, Rolando<\/b> \u2013 Const. Ciudadan\u00eda (3ro), Historia (2do)<\/p>\n<\/li>\n<li>\n<p data-path-to-node=\"35,16,0\"><b>HENRIQUEZ, Mabel<\/b> \u2013 Ingl\u00e9s (1ro a 6to)<\/p>\n<\/li>\n<li>\n<p data-path-to-node=\"35,17,0\"><b>LUCERO, Daniela<\/b> \u2013 PDL (1ro, 2do), Literatura (6to)<\/p>\n<\/li>\n<li>\n<p data-path-to-node=\"35,19,0\"><b>MUZIO, Natalia<\/b> \u2013 Cs. Sociales (1ro), Sociolog\u00eda (5to)<\/p>\n<\/li>\n<li>\n<p data-path-to-node=\"35,20,0\"><b style=\"background-color: transparent; color: var( --e-global-color-accent ); font-family: var( --e-global-typography-text-font-family ), Sans-serif; text-align: var(--text-align);\">RIZZO, Cecilia<\/b><span style=\"background-color: transparent; color: var( --e-global-color-accent ); font-family: var( --e-global-typography-text-font-family ), Sans-serif; font-weight: var( --e-global-typography-text-font-weight ); text-align: var(--text-align);\"> \u2013 Qu\u00edmica (5to), F\u00edsica (4to)<\/span><\/p>\n<\/li>\n<li>\n<p data-path-to-node=\"35,20,0\"><span style=\"background-color: transparent; color: var( --e-global-color-accent ); font-family: var( --e-global-typography-text-font-family ), Sans-serif; font-weight: var( --e-global-typography-text-font-weight ); text-align: var(--text-align);\"><strong>ROJAS, Jennifer<\/strong> &#8211; Filosof\u00eda ( 6to)&nbsp;<\/span><\/p>\n<\/li>\n<li>\n<p data-path-to-node=\"35,22,0\"><b>SCHIPELUT, Valeria<\/b> \u2013 Com. Cultura y Sociedad (5to), Proyecto Investigaci\u00f3n (6to)<\/p>\n<\/li>\n<li>\n<p data-path-to-node=\"35,23,0\"><b>TORRE, Julio<\/b> \u2013 Econom\u00eda (5to)<\/p>\n<\/li>\n<li>\n<p data-path-to-node=\"35,23,0\"><b>ULLER, Karina<\/b>&#8211; Psicolog\u00eda (4to)<\/p>\n<\/li>\n<li>\n<p data-path-to-node=\"35,24,0\"><b>VIVANCO, Paula<\/b> \u2013 Matem\u00e1tica (1ro, 2do, 3ro, 4to y 6to)<\/p>\n<\/li>\n<li>\n<p data-path-to-node=\"35,25,0\"><b>ZORZA, Melisa<\/b> \u2013 PDL (3ro), Literatura (4to y 5to)<\/p>\n<\/li>\n<\/ul>\t\t\t\t\t\t\t\t<\/div>\n\t\t\t\t<\/div>\n\t\t\t\t<div class=\"elementor-element elementor-element-9d57205 elementor-widget elementor-widget-text-editor\" data-id=\"9d57205\" data-element_type=\"widget\" data-widget_type=\"text-editor.default\">\n\t\t\t\t<div class=\"elementor-widget-container\">\n\t\t\t\t\t\t\t\t\t<p><b>Preceptores:<\/b> Alende Martin, Nu\u00f1ez Susana, Monticelli Gloria.<\/p><p data-path-to-node=\"38\"><b>Talleres y Tutor\u00edas:<\/b><\/p><ul data-path-to-node=\"39\"><li><p data-path-to-node=\"39,0,0\"><b>Teatro:<\/b> Cassano Sol<\/p><\/li><li><p data-path-to-node=\"39,1,0\"><b>Ingl\u00e9s:<\/b> Henriquez Mabel<\/p><\/li><li><p data-path-to-node=\"39,2,0\"><b>Deporte:<\/b> Perchik Axel<\/p><\/li><li><p data-path-to-node=\"39,3,0\"><b>Arte:<\/b> Carrizo Nancy<\/p><\/li><li><p data-path-to-node=\"39,4,0\"><b>Tutor\u00edas:<\/b> Lucero Daniela, Di Buccio Marcela<\/p><\/li><li><p data-path-to-node=\"39,5,0\"><b>Finanzas:<\/b> Dorlass Mariel<\/p><\/li><\/ul>\t\t\t\t\t\t\t\t<\/div>\n\t\t\t\t<\/div>\n\t\t\t\t<\/div>\n\t\t\t\t\t<\/div>\n\t\t<\/div>\n\t\t\t\t\t\t<\/div>\n\t\t\t\t<\/div>\n\t\t\t\t\t<\/div>\n\t\t\t\t<\/div>\n\t\t\t\t<\/div>\n\t\t","protected":false},"excerpt":{"rendered":"<p>Nivel Primario Nivel Secundario Equipo Directivo Directora: Tatiana Illing Vicedirectora: Gabriela Gonzalez Secretaria: Marcela Di Buccio Docentes de Grado 1\u00ba e 2\u00ba Grado 1\u00ba:\u00a0 Heinze Yamila\u00a0 2\u00ba: Cuello Paula | Monticelli Gloria 3\u00ba e 4\u00ba Grado 3\u00ba:\u00a0Schollet Gomez Dayana | Pedernera Flavia 4\u00ba: Fainberg Ailen |Heinze Yamila\u00a0 5\u00ba e 6\u00ba Grado 5\u00ba: Molina Noelia | [&hellip;]<\/p>\n","protected":false},"author":3,"featured_media":0,"parent":0,"menu_order":0,"comment_status":"closed","ping_status":"closed","template":"","meta":{"_eb_attr":"","footnotes":""},"class_list":["post-822","page","type-page","status-publish","hentry"],"_links":{"self":[{"href":"https:\/\/escuelamanuelbelgrano.com.ar\/site\/wp-json\/wp\/v2\/pages\/822","targetHints":{"allow":["GET"]}}],"collection":[{"href":"https:\/\/escuelamanuelbelgrano.com.ar\/site\/wp-json\/wp\/v2\/pages"}],"about":[{"href":"https:\/\/escuelamanuelbelgrano.com.ar\/site\/wp-json\/wp\/v2\/types\/page"}],"author":[{"embeddable":true,"href":"https:\/\/escuelamanuelbelgrano.com.ar\/site\/wp-json\/wp\/v2\/users\/3"}],"replies":[{"embeddable":true,"href":"https:\/\/escuelamanuelbelgrano.com.ar\/site\/wp-json\/wp\/v2\/comments?post=822"}],"version-history":[{"count":30,"href":"https:\/\/escuelamanuelbelgrano.com.ar\/site\/wp-json\/wp\/v2\/pages\/822\/revisions"}],"predecessor-version":[{"id":1199,"href":"https:\/\/escuelamanuelbelgrano.com.ar\/site\/wp-json\/wp\/v2\/pages\/822\/revisions\/1199"}],"wp:attachment":[{"href":"https:\/\/escuelamanuelbelgrano.com.ar\/site\/wp-json\/wp\/v2\/media?parent=822"}],"curies":[{"name":"wp","href":"https:\/\/api.w.org\/{rel}","templated":true}]}}