{"id":737,"date":"2025-10-14T22:44:28","date_gmt":"2025-10-15T01:44:28","guid":{"rendered":"https:\/\/escuelamanuelbelgrano.com.ar\/site\/?page_id=737"},"modified":"2026-03-02T12:47:46","modified_gmt":"2026-03-02T15:47:46","slug":"aikido","status":"publish","type":"page","link":"https:\/\/escuelamanuelbelgrano.com.ar\/site\/aikido\/","title":{"rendered":"AIKIDO"},"content":{"rendered":"\t\t<div data-elementor-type=\"wp-page\" data-elementor-id=\"737\" class=\"elementor elementor-737\" data-elementor-post-type=\"page\">\n\t\t\t\t<div class=\"elementor-element elementor-element-a242a39 e-flex e-con-boxed e-con e-parent\" data-id=\"a242a39\" data-element_type=\"container\">\n\t\t\t\t\t<div class=\"e-con-inner\">\n\t\t<div class=\"elementor-element elementor-element-1993c35 e-grid e-con-full e-con e-child\" data-id=\"1993c35\" data-element_type=\"container\">\n\t\t\t\t<div class=\"elementor-element elementor-element-f7d9d7c elementor-widget elementor-widget-image\" data-id=\"f7d9d7c\" data-element_type=\"widget\" data-widget_type=\"image.default\">\n\t\t\t\t<div class=\"elementor-widget-container\">\n\t\t\t\t\t\t\t\t\t\t\t\t\t\t\t<img fetchpriority=\"high\" decoding=\"async\" width=\"800\" height=\"937\" src=\"https:\/\/escuelamanuelbelgrano.com.ar\/site\/wp-content\/uploads\/2025\/10\/WhatsApp-Image-2025-10-01-at-11.31.38-874x1024.jpeg\" class=\"attachment-large size-large wp-image-739\" alt=\"\" srcset=\"https:\/\/escuelamanuelbelgrano.com.ar\/site\/wp-content\/uploads\/2025\/10\/WhatsApp-Image-2025-10-01-at-11.31.38-874x1024.jpeg 874w, https:\/\/escuelamanuelbelgrano.com.ar\/site\/wp-content\/uploads\/2025\/10\/WhatsApp-Image-2025-10-01-at-11.31.38-256x300.jpeg 256w, https:\/\/escuelamanuelbelgrano.com.ar\/site\/wp-content\/uploads\/2025\/10\/WhatsApp-Image-2025-10-01-at-11.31.38-768x899.jpeg 768w, https:\/\/escuelamanuelbelgrano.com.ar\/site\/wp-content\/uploads\/2025\/10\/WhatsApp-Image-2025-10-01-at-11.31.38.jpeg 1093w\" sizes=\"(max-width: 800px) 100vw, 800px\" \/>\t\t\t\t\t\t\t\t\t\t\t\t\t\t\t<\/div>\n\t\t\t\t<\/div>\n\t\t\t\t<div class=\"elementor-element elementor-element-7e0a37b elementor-widget elementor-widget-text-editor\" data-id=\"7e0a37b\" data-element_type=\"widget\" data-widget_type=\"text-editor.default\">\n\t\t\t\t<div class=\"elementor-widget-container\">\n\t\t\t\t\t\t\t\t\t<p><strong>martes y jueves 19:00 a 20:00<\/strong><br><strong>Mayores de 16 (alumnos,padres y personas externas a la instituci\u00f3n )<\/strong><\/p>\n<p><strong>Direcci\u00f3n : Buenos aires 5879<\/strong><br><\/p><p><strong><br><\/strong><\/p>\n<p><em><strong>&nbsp;\u00bfQu\u00e9 es el <\/strong><b>AIKIDO<\/b><strong>?<\/strong><\/em><\/p>\n<p>El Aikido es un arte marcial japon\u00e9s que se enfoca en la armon\u00eda y en la redirecci\u00f3n de la energ\u00eda del oponente.<\/p>\n<p>A diferencia de otras artes marciales, el Aikido no se centra en la fuerza bruta, sino en utilizar el movimiento y la t\u00e9cnica para neutralizar al adversario.<\/p>\n<p>Se basa en principios de paz, respeto y autodefensa. Incorpora tanto t\u00e9cnicas de proyecci\u00f3n como de control de articulaciones.]<\/p>\n<p><strong>Sensei a cargo Pablo Postigo 3er Dan Internacional CDA.<\/strong><\/p>\t\t\t\t\t\t\t\t<\/div>\n\t\t\t\t<\/div>\n\t\t\t\t<\/div>\n\t\t\t\t\t<\/div>\n\t\t\t\t<\/div>\n\t\t\t\t<\/div>\n\t\t","protected":false},"excerpt":{"rendered":"<p>martes y jueves 19:00 a 20:00Mayores de 16 (alumnos,padres y personas externas a la instituci\u00f3n ) Direcci\u00f3n : Buenos aires 5879 &nbsp;\u00bfQu\u00e9 es el AIKIDO? El Aikido es un arte marcial japon\u00e9s que se enfoca en la armon\u00eda y en la redirecci\u00f3n de la energ\u00eda del oponente. A diferencia de otras artes marciales, el Aikido [&hellip;]<\/p>\n","protected":false},"author":3,"featured_media":0,"parent":0,"menu_order":0,"comment_status":"closed","ping_status":"closed","template":"","meta":{"_eb_attr":"","footnotes":""},"class_list":["post-737","page","type-page","status-publish","hentry"],"_links":{"self":[{"href":"https:\/\/escuelamanuelbelgrano.com.ar\/site\/wp-json\/wp\/v2\/pages\/737","targetHints":{"allow":["GET"]}}],"collection":[{"href":"https:\/\/escuelamanuelbelgrano.com.ar\/site\/wp-json\/wp\/v2\/pages"}],"about":[{"href":"https:\/\/escuelamanuelbelgrano.com.ar\/site\/wp-json\/wp\/v2\/types\/page"}],"author":[{"embeddable":true,"href":"https:\/\/escuelamanuelbelgrano.com.ar\/site\/wp-json\/wp\/v2\/users\/3"}],"replies":[{"embeddable":true,"href":"https:\/\/escuelamanuelbelgrano.com.ar\/site\/wp-json\/wp\/v2\/comments?post=737"}],"version-history":[{"count":13,"href":"https:\/\/escuelamanuelbelgrano.com.ar\/site\/wp-json\/wp\/v2\/pages\/737\/revisions"}],"predecessor-version":[{"id":1131,"href":"https:\/\/escuelamanuelbelgrano.com.ar\/site\/wp-json\/wp\/v2\/pages\/737\/revisions\/1131"}],"wp:attachment":[{"href":"https:\/\/escuelamanuelbelgrano.com.ar\/site\/wp-json\/wp\/v2\/media?parent=737"}],"curies":[{"name":"wp","href":"https:\/\/api.w.org\/{rel}","templated":true}]}}