{"id":266,"date":"2025-05-01T01:51:07","date_gmt":"2025-05-01T04:51:07","guid":{"rendered":"https:\/\/escuelamanuelbelgrano.com.ar\/site\/?page_id=266"},"modified":"2026-03-02T15:38:24","modified_gmt":"2026-03-02T18:38:24","slug":"historia","status":"publish","type":"page","link":"https:\/\/escuelamanuelbelgrano.com.ar\/site\/historia\/","title":{"rendered":"Historia"},"content":{"rendered":"\t\t<div data-elementor-type=\"wp-page\" data-elementor-id=\"266\" class=\"elementor elementor-266\" data-elementor-post-type=\"page\">\n\t\t\t\t<div class=\"elementor-element elementor-element-3a449b1 e-con-full e-flex e-con e-parent\" data-id=\"3a449b1\" data-element_type=\"container\">\n\t\t\t\t<div class=\"elementor-element elementor-element-adb0b47 elementor-widget elementor-widget-heading\" data-id=\"adb0b47\" data-element_type=\"widget\" data-widget_type=\"heading.default\">\n\t\t\t\t<div class=\"elementor-widget-container\">\n\t\t\t\t\t<p class=\"elementor-heading-title elementor-size-default\">Nuestra Historia<\/p>\t\t\t\t<\/div>\n\t\t\t\t<\/div>\n\t\t\t\t<div class=\"elementor-element elementor-element-722c82e elementor-widget elementor-widget-text-editor\" data-id=\"722c82e\" data-element_type=\"widget\" data-widget_type=\"text-editor.default\">\n\t\t\t\t<div class=\"elementor-widget-container\">\n\t\t\t\t\t\t\t\t\t<p><span style=\"color: #666666; font-family: 'Open Sans', sans-serif;\">En 1957 se hab\u00edan unido en sociedad para fundar uno de los primeros colegio privados de Villa Ballester las hermanas Alicia y Margarita Manley, educadoras de vasta formaci\u00f3n docente, con un joven colega, el maestro Gabriel Postigo.-<\/span><\/p>\n<p style=\"box-sizing: inherit; color: #666666; line-height: 1.5; margin: 0px 0px 15px; font-family: 'Open Sans', sans-serif;\"><span lang=\"ES\" style=\"box-sizing: inherit;\">Una a\u00f1osa casa que la sociedad Manley-Postigo hab\u00eda adquir\u00eddo para adaptarla a una escuela, fue remodelada y amuebladas sus aulas, el 17 de marzo de 1958 abr\u00eda sus puertas EL COLEGIO MANUEL BELGRANO. La se\u00f1ora Alicia Manley ejerc\u00eda la direcci\u00f3n; el Sr. Gabriel Postigo la vicedirecci\u00f3n; mientras que la representante legal ante las autoridades escolares fue Margarita Manley.-<\/span><\/p>\n<p style=\"box-sizing: inherit; color: #666666; line-height: 1.5; margin: 0px 0px 15px; font-family: 'Open Sans', sans-serif;\"><span lang=\"ES\" style=\"box-sizing: inherit;\"><img decoding=\"async\" style=\"box-sizing: inherit; border-width: 0px; border-style: initial; display: inline; margin-left: 15px; margin-bottom: 15px;\" src=\"http:\/\/colegiomanuelbelgrano.com\/site\/wp-content\/uploads\/2018\/02\/antigua-escuela-207d56-300x300.jpg\" sizes=\"(max-width: 300px) 100vw, 300px\" srcset=\"https:\/\/colegiomanuelbelgrano.com\/site\/wp-content\/uploads\/2018\/02\/antigua-escuela-207d56-300x300.jpg 300w, https:\/\/colegiomanuelbelgrano.com\/site\/wp-content\/uploads\/2018\/02\/antigua-escuela-207d56-150x150.jpg 150w, https:\/\/colegiomanuelbelgrano.com\/site\/wp-content\/uploads\/2018\/02\/antigua-escuela-207d56-270x270.jpg 270w, https:\/\/colegiomanuelbelgrano.com\/site\/wp-content\/uploads\/2018\/02\/antigua-escuela-207d56.jpg 659w\" alt=\"\" width=\"193\" height=\"193\">Por entonces, la calle Ituzaingo era de tierra, por lo que el Sr. Gabriel Postigo emprendi\u00f3 gestiones ante la Municipalidad de Gral. San Mart\u00edn y consigui\u00f3 que la pavimentaran. Esta mejora, sumado al pedido de luz en la calle por el Sr. Postigo otorgo una nueva imagen al barrio y la Escuela. Por otra parte consigui\u00f3 un pr\u00e9stamo del banco provincia que le permiti\u00f3 ampliar y renovar el edificio con nuevas aulas.-<\/span><\/p>\n<p style=\"box-sizing: inherit; color: #666666; line-height: 1.5; margin: 0px 0px 15px; font-family: 'Open Sans', sans-serif;\"><span lang=\"ES\" style=\"box-sizing: inherit;\">En 1965, dada la avanzada edad de las Hermanas Manley, y por amigable acuerdo entre los socios, el Sr. Gabriel Postigo adquiere de ellas las acciones de estas, y estas se desligan de la sociedad y de todo compromiso docente en la escuela. Habiendo adquirido la totalidad del establecimiento, le toco asumir la direcci\u00f3n a Gabriel Postigo junto a su esposa la Sra. Susana Scutti, quien se encargo desde ese momento de la administraci\u00f3n del colegio.-<\/span><\/p>\n<p style=\"box-sizing: inherit; color: #666666; line-height: 1.5; margin: 0px 0px 15px; font-family: 'Open Sans', sans-serif;\"><span lang=\"ES\" style=\"box-sizing: inherit;\">A fines de la d\u00e9cada del 60 el Colegio obtiene nuevos cr\u00e9ditos, los cuales son utilizados para la compra de terrenos lindantes en los que son edificadas nuevas aulas. A partir de entonces el colegio Manuel Belgrano emprende una sostenida etapa de crecimiento que se refleja en mayor inscripci\u00f3n anual de alumnos y en el consiguiente aumento de personal docente.-<\/span><\/p>\n<p style=\"box-sizing: inherit; color: #666666; line-height: 1.5; margin: 0px 0px 15px; font-family: 'Open Sans', sans-serif;\"><span lang=\"ES\" style=\"box-sizing: inherit;\">En 1984 hab\u00eda asumido la direcci\u00f3n el hijo mayor, Gustavo Postigo, pero al a\u00f1o siguiente el Colegio pierde a su director y cofundador el Sr. Gabriel Postigo quien falleci\u00f3 de manera improvista el 1 de mayo de 1985.- A partir de ese a\u00f1o, su esposa e hijos contin\u00faan su labor y tres a\u00f1os despu\u00e9s en 1988 se materializo una de sus proyectos:&nbsp;&nbsp;la creaci\u00f3n de la secci\u00f3n de ense\u00f1anza secundaria, con orientaci\u00f3n al Bachillerato comercial especializado en computaci\u00f3n, donde Los primeros graduados egresan en 1992.-<\/span><\/p>\n<p style=\"box-sizing: inherit; color: #666666; line-height: 1.5; margin: 0px 0px 15px; font-family: 'Open Sans', sans-serif;\"><span lang=\"ES\" style=\"box-sizing: inherit;\">En 1993 bajo la direcci\u00f3n del Sr. Pablo Postigo se inicia un nuevo emprendimiento que muestra a la comunidad la pujanza de Nuestra escuela, la compra y construcci\u00f3n del campo deportivo Maestro Gabriel Postigo (cito en Buenos Aires 5879, a la vuelta de la Escuela),&nbsp;&nbsp;el cual se inaugur\u00f3 el 9 de julio de 1995.-<\/span><\/p>\n<p style=\"box-sizing: inherit; color: #666666; line-height: 1.5; margin: 0px 0px 15px; font-family: 'Open Sans', sans-serif;\"><span lang=\"ES\" style=\"box-sizing: inherit;\">En el a\u00f1o 2001, el colegio vuelve a sufrir repentinamente una gran perdida, fallece su director el Sr. Gustavo Postigo.-<\/span><\/p>\n<p style=\"box-sizing: inherit; color: #666666; line-height: 1.5; margin: 0px 0px 15px; font-family: 'Open Sans', sans-serif;\"><span lang=\"ES\" style=\"box-sizing: inherit;\">A pesar del dolor y la dif\u00edcil situaci\u00f3n por la que pasa el Colegio y la familia Postigo; el Sr. Pablo Postigo, en ese momento Representante Legal del nivel Secundario, se hacer cargo de la administraci\u00f3n&nbsp;&nbsp;y conducci\u00f3n General de toda la Instituci\u00f3n Educativa, teniendo&nbsp;&nbsp;vigente las pautas aprendidas durante toda su vida tanto en este Colegio, como as\u00ed tambi\u00e9n los estudios adquiridos en la Universidad de Belgrano, el Instituto de Tecnolog\u00eda ORT, el Instituto Superior de Cultura F\u00edsica, esto sumado a los valores brindado por sus padres, hace que se haya duplicado tanto el n\u00famero de alumnos, como as\u00ed tambi\u00e9n el de empleados.-<\/span><\/p>\n<p style=\"box-sizing: inherit; color: #666666; line-height: 1.5; margin: 0px 0px 15px; font-family: 'Open Sans', sans-serif;\"><span lang=\"ES\" style=\"box-sizing: inherit;\"><b style=\"box-sizing: inherit;\">En la actualidad, conforman las autoridades de la siguiente manera: el Sr. Pablo Postigo, a cargo de la organizaci\u00f3n, representaci\u00f3n Legal y Direcci\u00f3n General de todo el Colegio, la Sra. Paola Medina como directora del nivel inicial, la Sra.&nbsp;<\/b><\/span><span style=\"font-weight: bold;\">Tatiana Illing<\/span><b style=\"box-sizing: inherit;\">a cargo de la direcci\u00f3n del nivel primario, como vicedirectora de nivel primario la Sra.&nbsp;<\/b><span style=\"font-weight: bold;\">Gabriela Gonzalez<\/span><span style=\"font-weight: bold;\">&nbsp;<\/span><b style=\"box-sizing: inherit;\">&nbsp;, la Sra. Marcela di Buccio como secretaria de dicho nivel. El nivel secundario lo conforman el equipo directivo&nbsp; la Sra. Graciela Oviedo como directora y la Sra. Marcela Bratina como secretaria de secundaria. Todos nosotros formamos parte de un gran equipo que junto a todos los docentes&nbsp;&nbsp;intentamos d\u00eda a d\u00eda formar personas de bien,&nbsp;&nbsp;manteniendo vivo el esp\u00edritu de su fundador el se\u00f1or Gabriel Postigo y su esposa la Sra. Susi Scutti de Postigo.<\/b><\/p>\t\t\t\t\t\t\t\t<\/div>\n\t\t\t\t<\/div>\n\t\t\t\t<\/div>\n\t\t\t\t<\/div>\n\t\t","protected":false},"excerpt":{"rendered":"<p>Nuestra Historia En 1957 se hab\u00edan unido en sociedad para fundar uno de los primeros colegio privados de Villa Ballester las hermanas Alicia y Margarita Manley, educadoras de vasta formaci\u00f3n docente, con un joven colega, el maestro Gabriel Postigo.- Una a\u00f1osa casa que la sociedad Manley-Postigo hab\u00eda adquir\u00eddo para adaptarla a una escuela, fue remodelada [&hellip;]<\/p>\n","protected":false},"author":2,"featured_media":0,"parent":0,"menu_order":0,"comment_status":"closed","ping_status":"closed","template":"","meta":{"_eb_attr":"","footnotes":""},"class_list":["post-266","page","type-page","status-publish","hentry"],"_links":{"self":[{"href":"https:\/\/escuelamanuelbelgrano.com.ar\/site\/wp-json\/wp\/v2\/pages\/266","targetHints":{"allow":["GET"]}}],"collection":[{"href":"https:\/\/escuelamanuelbelgrano.com.ar\/site\/wp-json\/wp\/v2\/pages"}],"about":[{"href":"https:\/\/escuelamanuelbelgrano.com.ar\/site\/wp-json\/wp\/v2\/types\/page"}],"author":[{"embeddable":true,"href":"https:\/\/escuelamanuelbelgrano.com.ar\/site\/wp-json\/wp\/v2\/users\/2"}],"replies":[{"embeddable":true,"href":"https:\/\/escuelamanuelbelgrano.com.ar\/site\/wp-json\/wp\/v2\/comments?post=266"}],"version-history":[{"count":28,"href":"https:\/\/escuelamanuelbelgrano.com.ar\/site\/wp-json\/wp\/v2\/pages\/266\/revisions"}],"predecessor-version":[{"id":1150,"href":"https:\/\/escuelamanuelbelgrano.com.ar\/site\/wp-json\/wp\/v2\/pages\/266\/revisions\/1150"}],"wp:attachment":[{"href":"https:\/\/escuelamanuelbelgrano.com.ar\/site\/wp-json\/wp\/v2\/media?parent=266"}],"curies":[{"name":"wp","href":"https:\/\/api.w.org\/{rel}","templated":true}]}}